{"id":3405,"date":"2023-05-16T20:20:45","date_gmt":"2023-05-16T20:20:45","guid":{"rendered":"https:\/\/www.first5coco.org\/activismo-de-politicas\/socios-y-coaliciones-para-las-politicas\/early-childhood-prevention-intervention-coalition\/"},"modified":"2024-01-04T12:00:40","modified_gmt":"2024-01-04T20:00:40","slug":"coalicion-para-la-prevencion-e-intervencion-en-la-primera-infancia","status":"publish","type":"page","link":"https:\/\/www.first5coco.org\/es\/activismo-de-politicas\/socios-y-coaliciones-para-las-politicas\/coalicion-para-la-prevencion-e-intervencion-en-la-primera-infancia\/","title":{"rendered":"Coalici\u00f3n para la Prevenci\u00f3n e Intervenci\u00f3n en la Primera Infancia"},"content":{"rendered":"","protected":false},"excerpt":{"rendered":"<p>&#8230;<\/p>\n<p><a class=\"btn btn-secondary understrap-read-more-link\" href=\"https:\/\/www.first5coco.org\/es\/activismo-de-politicas\/socios-y-coaliciones-para-las-politicas\/coalicion-para-la-prevencion-e-intervencion-en-la-primera-infancia\/\">Leer m\u00e1s<\/a><\/p>\n","protected":false},"author":37,"featured_media":0,"parent":3393,"menu_order":0,"comment_status":"closed","ping_status":"closed","template":"page-templates\/content.php","meta":{"_acf_changed":false,"footnotes":""},"class_list":["post-3405","page","type-page","status-publish","hentry"],"acf":[],"aioseo_notices":[],"_links":{"self":[{"href":"https:\/\/www.first5coco.org\/es\/wp-json\/wp\/v2\/pages\/3405","targetHints":{"allow":["GET"]}}],"collection":[{"href":"https:\/\/www.first5coco.org\/es\/wp-json\/wp\/v2\/pages"}],"about":[{"href":"https:\/\/www.first5coco.org\/es\/wp-json\/wp\/v2\/types\/page"}],"author":[{"embeddable":true,"href":"https:\/\/www.first5coco.org\/es\/wp-json\/wp\/v2\/users\/37"}],"replies":[{"embeddable":true,"href":"https:\/\/www.first5coco.org\/es\/wp-json\/wp\/v2\/comments?post=3405"}],"version-history":[{"count":4,"href":"https:\/\/www.first5coco.org\/es\/wp-json\/wp\/v2\/pages\/3405\/revisions"}],"predecessor-version":[{"id":4302,"href":"https:\/\/www.first5coco.org\/es\/wp-json\/wp\/v2\/pages\/3405\/revisions\/4302"}],"up":[{"embeddable":true,"href":"https:\/\/www.first5coco.org\/es\/wp-json\/wp\/v2\/pages\/3393"}],"wp:attachment":[{"href":"https:\/\/www.first5coco.org\/es\/wp-json\/wp\/v2\/media?parent=3405"}],"curies":[{"name":"wp","href":"https:\/\/api.w.org\/{rel}","templated":true}]}}