{"id":4538,"date":"2024-03-08T09:19:39","date_gmt":"2024-03-08T17:19:39","guid":{"rendered":"https:\/\/www.first5coco.org\/?page_id=4538"},"modified":"2024-03-08T09:21:17","modified_gmt":"2024-03-08T17:21:17","slug":"bella-merrill","status":"publish","type":"page","link":"https:\/\/www.first5coco.org\/es\/nuestros-comisionados\/bella-merrill\/","title":{"rendered":"Bella Merrill"},"content":{"rendered":"<h3><span style=\"color: #003366\">Comisionado Suplente en representaci\u00f3n del Distrito 3<\/span><\/h3>\n<p>Bella Merrill es la bibliotecaria de alfabetizaci\u00f3n temprana de la biblioteca del condado de Contra Costa. Viaja por todo el condado en la camioneta de alfabetizaci\u00f3n temprana totalmente el\u00e9ctrica de la biblioteca, el Rolling Reader, brindando cuentos biling\u00fces, programas STEM y otras experiencias de aprendizaje a ni\u00f1os en \u00e1reas hist\u00f3ricamente desatendidas.<\/p>\n<p>Recibi\u00f3 una doble licenciatura en literatura y lengua espa\u00f1ola de UC San Diego y comenz\u00f3 su carrera en la biblioteca de una escuela, donde descubri\u00f3 su inter\u00e9s en conectar a los ni\u00f1os con la lectura. Posteriormente recibi\u00f3 su maestr\u00eda en biblioteconom\u00eda y ciencias de la informaci\u00f3n de la Universidad Estatal de San Jos\u00e9, centrando sus estudios en los servicios para ni\u00f1os en las bibliotecas p\u00fablicas. Su pasi\u00f3n radica en involucrar a los ni\u00f1os peque\u00f1os en la alfabetizaci\u00f3n a trav\u00e9s de la m\u00fasica y los libros.<\/p>\n<p>&nbsp;<\/p>\n<p><img loading=\"lazy\" decoding=\"async\" class=\"alignnone size-medium wp-image-4527\" src=\"https:\/\/www.first5coco.org\/wp-content\/uploads\/2024\/03\/Bella-Merrill-400-300x300.jpg\" alt=\"\" width=\"300\" height=\"300\" srcset=\"https:\/\/www.first5coco.org\/wp-content\/uploads\/2024\/03\/Bella-Merrill-400-300x300.jpg 300w, https:\/\/www.first5coco.org\/wp-content\/uploads\/2024\/03\/Bella-Merrill-400-150x150.jpg 150w, https:\/\/www.first5coco.org\/wp-content\/uploads\/2024\/03\/Bella-Merrill-400.jpg 454w\" sizes=\"auto, (max-width: 300px) 100vw, 300px\" \/><\/p>\n","protected":false},"excerpt":{"rendered":"<p>Comisionado Suplente en representaci\u00f3n del Distrito 3 Bella Merrill es la bibliotecaria de alfabetizaci\u00f3n temprana de la biblioteca del condado de Contra Costa. Viaja por todo el condado en la camioneta de alfabetizaci\u00f3n temprana totalmente el\u00e9ctrica de la biblioteca, el Rolling Reader, brindando cuentos biling\u00fces, programas STEM y otras experiencias de aprendizaje a ni\u00f1os en \u00e1reas hist\u00f3ricamente desatendidas. Recibi\u00f3 una doble licenciatura en literatura y lengua espa\u00f1ola de UC San Diego y comenz\u00f3 su carrera en la biblioteca de una escuela, donde descubri\u00f3 su inter\u00e9s en conectar a los ni\u00f1os con la lectura. Posteriormente recibi\u00f3 su maestr\u00eda en biblioteconom\u00eda y&#8230;<\/p>\n<p><a class=\"btn btn-secondary understrap-read-more-link\" href=\"https:\/\/www.first5coco.org\/es\/nuestros-comisionados\/bella-merrill\/\">Leer m\u00e1s<\/a><\/p>\n","protected":false},"author":37,"featured_media":0,"parent":3372,"menu_order":0,"comment_status":"closed","ping_status":"closed","template":"page-templates\/content.php","meta":{"_acf_changed":false,"footnotes":""},"class_list":["post-4538","page","type-page","status-publish","hentry"],"acf":[],"aioseo_notices":[],"_links":{"self":[{"href":"https:\/\/www.first5coco.org\/es\/wp-json\/wp\/v2\/pages\/4538","targetHints":{"allow":["GET"]}}],"collection":[{"href":"https:\/\/www.first5coco.org\/es\/wp-json\/wp\/v2\/pages"}],"about":[{"href":"https:\/\/www.first5coco.org\/es\/wp-json\/wp\/v2\/types\/page"}],"author":[{"embeddable":true,"href":"https:\/\/www.first5coco.org\/es\/wp-json\/wp\/v2\/users\/37"}],"replies":[{"embeddable":true,"href":"https:\/\/www.first5coco.org\/es\/wp-json\/wp\/v2\/comments?post=4538"}],"version-history":[{"count":2,"href":"https:\/\/www.first5coco.org\/es\/wp-json\/wp\/v2\/pages\/4538\/revisions"}],"predecessor-version":[{"id":4540,"href":"https:\/\/www.first5coco.org\/es\/wp-json\/wp\/v2\/pages\/4538\/revisions\/4540"}],"up":[{"embeddable":true,"href":"https:\/\/www.first5coco.org\/es\/wp-json\/wp\/v2\/pages\/3372"}],"wp:attachment":[{"href":"https:\/\/www.first5coco.org\/es\/wp-json\/wp\/v2\/media?parent=4538"}],"curies":[{"name":"wp","href":"https:\/\/api.w.org\/{rel}","templated":true}]}}